{"id":16678,"date":"2024-05-27T13:05:25","date_gmt":"2024-05-27T11:05:25","guid":{"rendered":"https:\/\/house-istria-labin.com\/?page_id=16678"},"modified":"2024-05-27T13:33:53","modified_gmt":"2024-05-27T11:33:53","slug":"politika-privatnosti","status":"publish","type":"page","link":"https:\/\/house-istria-labin.com\/de\/politika-privatnosti\/","title":{"rendered":"Datenschutzerkl\u00e4rung"},"content":{"rendered":"<div data-elementor-type=\"wp-page\" data-elementor-id=\"16678\" class=\"elementor elementor-16678\" data-elementor-post-type=\"page\">\n\t\t\t\t        <section class=\"elementor-section elementor-top-section elementor-element elementor-element-a3baa36 elementor-section-boxed elementor-section-height-default elementor-section-height-default pxl-section-static-pos-no pxl-section-overflow-hidden-no pxl-container-margin-auto-no\" data-id=\"a3baa36\" data-element_type=\"section\">\n\n                \n                <div class=\"elementor-container elementor-column-gap-default\">\n                <div class=\"elementor-column elementor-col-100 elementor-top-column elementor-element elementor-element-e01c55b col-offset-none pxl-column-element-default pxl-column-overflow-hidden-no\" data-id=\"e01c55b\" data-element_type=\"column\">\r\n        <div class=\"elementor-widget-wrap elementor-element-populated\">\r\n                    \t\t<div class=\"elementor-element elementor-element-d4e3faa elementor-widget elementor-widget-pxl_text_editor\" data-id=\"d4e3faa\" data-element_type=\"widget\" data-widget_type=\"pxl_text_editor.default\">\n\t\t\t\t<div class=\"elementor-widget-container\">\n\t\t\t\t\t<div id=\"pxl_text_editor-d4e3faa-1418\" class=\"pxl-text-editor-wrap d-flex\" >\n\t<div class=\"pxl-text-editor elementor-clearfix\">\n\t\t<p>Damit die Webseite ordnungsgem\u00e4\u00df funktioniert und um sie zur Verbesserung Ihres Surferlebnisses weiterentwickeln zu k\u00f6nnen, ist es notwendig eine minimale Menge an Informatinen (Cookies auf Ihrem Computer zu speichern. \u00dcber 90% von Webseiten verwenden Cookies und sind nach den Gesetzen der Eurp\u00e4ischen Unin verpflichtet, die Zustimmung der Nutzer einzuholen. Durch die Nutzung dieser Webseite stimmen Sie der Verwendung von Cookies zu. Wenn Sie Cookies blockieren, k\u00f6nnen Sie die Seite weiterhin durchsuchen, jedoch werden einige Funktionen nicht verf\u00fcgbar sein.<\/p>\n<p><strong>Was ist ein Cookie ?<br><\/strong>Ein Cookie ist eine Information, die von der Webseite, die Sie besuchen, auf Ihrem Computer gespeichert wird. Cookies speichern in der Regel Ihre Einstellungen, die Einstellungen f\u00fcr die Webseite, wie bevorzugte Sprache oder Adresse. Sp\u00e4ter, wenn Sie dieselbe Webseite erneut \u00f6ffnen, sendet der Internetbrowser die zu dieser Seite geh\u00f6renden Cookies zur\u00fcck. Dies erm\u00f6glicht der Webseite, Informationen anzuzeigen, die auf Ihre Bed\u00fcrfnisse zugeschnitten sind.<br>Cookies k\u00f6nnen eine breite Palette von Informationen speichern, einschlie\u00dflich pers\u00f6nlicher Informationen (wie Ihr Name oder Ihre E-Mail-Adresse). Diese Informationen k\u00f6nnen jedoch gespeichert werden, wenn Sie dies zulassen \u2013 Webseiten k\u00f6nnen nicht auf die Informationen zugreifen, die Sie ihnen nicht gegeben haben, und sie k\u00f6nnen nicht auf andere Dateien auf Ihrem Computer oder Mobilger\u00e4t zugreifen.  Die Standardaktivit\u00e4ten zum Speichern und Senden von Cookies sind f\u00fcr Sie nicht sichtbar. Sie k\u00f6nnen jedoch Ihre Browser-Einstellungen \u00e4ndern, um selbst zu entscheiden, ob Sie Anfragen zum Speichern von Cookies zulassen oder ablehnen m\u00f6chten, gespeicherte Cookies beim Schlie\u00dfen des Browsers automatisch l\u00f6schen und \u00e4hnliches.<\/p>\n<p><strong>Wie k\u00f6nnen Cookies deaktiviert werden ?<br><\/strong>Durch Deaktivieren von Cookies entsheiden Sie, ob Sie die Speicherung von Cookies auf Ihrem Cmputer oder Mobilger\u00e4t zulassen m\u00f6chten. Cookie-Einstellungen k\u00f6nnen u Ihren Webbrowser kontrolliert und konfiguriert warden. Wenn Sie Cookies deaktivieren, k\u00f6nnen Sie m\u00f6glicherweise einige Funktionen auf den Webseiten nicht nutzen.<\/p>\n<p><strong>Was sind tempor\u00e4re Cookies ?<br><\/strong>Tempor\u00e4re Cookies oder Session-Cookies werden nach dem Schlie\u00dfen des Webbrowser-Fensters vom Computer entfernt. Mit ihnen speichern Webseiten tempor\u00e4re Daten wie Artikel im Einkaufswagen.<\/p>\n<p><strong>Was sind dauerhafte Cookies ?<br><\/strong>Dauerhafte oder gespeicherte Cookies bleiben auf Ihrem Computer nach dem Schlie\u00dfen des Internetbrowsers. Webseiten speichern damit Informationen wie Benutzername und Passwort, sodass Sie sich nicht bei jedem Besuch erneut anmelden m\u00fcssen. Persistente Cookies k\u00f6nnen Tage, Monate oder sogar Jahre auf Ihrem Computer bleiben.<\/p>\n<p><strong>Was sind Erstanbieter-Cookies ?<\/strong><br>Erstanbieter-Cookies stammen von der Webseite, die Sie besuchen, und k\u00f6nnen sowohl dauerhaft als auch tempor\u00e4r sein. Mit diesen Cookies k\u00f6nnen Webseiten Daten speichern, die sie bei Ihrem n\u00e4chsten Besuch der Webseite erneut verwenden k\u00f6nnen.<\/p>\n<p><strong>Was sind Drittanbieter-Cookies ?<\/strong><br>Drittanbieter-Cookies stammen von Anzeigen anderer Webseiten (wie Pop-up- oder andere Anzeigen), die sich auf der Webseite befinden, die Sie gerade besuchen. Mit diesen Cookies k\u00f6nnen Webseiten das Internetnutzungsverhalten zu Marketingzwecken verfolgen.<\/p>\n<p><strong>Verwendet diese Webseite Cookies ?<\/strong><br>Ja, mit dem Hauptziel, Ihnen ein besseres Benutzererlebnis auf unserer Webseite zu erm\u00f6glichen.<\/p>\n<p><strong>Welche Cookies verwendet dieser Webseite und warum ?<\/strong><br>Tempor\u00e4re Cookies (Session-Cookies) sind Cookies, die ablaufen (und automatisch gel\u00f6scht werden), wenn Sie den Internetbrowser schlie\u00dfen. Wir verwenden Session-Cookies, um das Benutzererlebnis w\u00e4hrend Ihres Besuchs zu verbessern.<br>Dauerhafte Cookies haben in der Regel ein Ablaufdatum weit in der Zukunft und bleiben daher in Ihrem Browser, bis sie ablaufen oder Sie sie manuell l\u00f6schen. Wir verwenden persistente Cookies, um das Nutzerverhalten besser zu verstehen und die Webseite entsprechend zu verbessern. Auf Grundlage dieser gesammelten Daten ist jedoch keine Identifikation Ihrer Person m\u00f6glich, und die gesammelten Daten werden ausschlie\u00dflich zu statistischen Zwecken verwendet.<\/p>\n<p><strong>Gibt es auf dieser Webseite Drittanbieter-Cookies ?<\/strong><br>Es gibt mehrere externe Dienste, die begrenzte Cookies f\u00fcr den Nutzer speichern. Diese Cookies werden nicht von dieser Webseite gesetzt, dienen jedoch einigen Funktionen, die den Nutzern den Zugang zu Inhalten erleichtern, normal zu funktionieren. Daher gilt der hier vorgestellte Datenschutz nur f\u00fcr diese Webseite, w\u00e4hrend die Datenschutzrichtlinien der externen Dienste auf ihren offiziellen Webseiten \u00fcberpr\u00fcft werden sollten.<br>Diese Webseite verwendet keine Dienste zur Besucheranalyse.<\/p><p><b>Weitere Informationen zur Deaktivierung von Cookies<\/b><br>Es gibt mehrere Webseiten, auf denen Sie das Speichern von Cookies f\u00fcr verschiedene Dienste deaktivieren k\u00f6nnen. Weitere Informationen finden Sie unter den folgenden Links:<br>http:\/\/www.allaboutcookies.org\/<br>http:\/\/www.youronlinechoices.eu\/<\/p>\t\t\n\t<\/div>\n<\/div>\t\t\t\t<\/div>\n\t\t\t\t<\/div>\n\t\t                    <\/div>\r\n        <\/div>\r\n        \t\t\t<\/div>\n\t\t<\/section>\n\t\t\t\t<\/div>","protected":false},"excerpt":{"rendered":"<p>Kako bi internetska stranica radila ispravno te kako bi ju se moglo unaprje\u0111ivati u svrhu pobolj\u0161anja va\u0161eg iskustva pregledavanja, potrebno je minimalnu koli\u010dinu informacija (cookies) spremiti na va\u0161e ra\u010dunalo. Vi\u0161e od 90% internetskih stranica koristi praksu kola\u010di\u0107a te su po pravilima Europske unije obvezne zatra\u017eiti pristanak korisnika. Kori\u0161tenjem ove internetske stranice pristajete na uporabu kola\u010di\u0107a, [&hellip;]<\/p>","protected":false},"author":1,"featured_media":0,"parent":0,"menu_order":0,"comment_status":"closed","ping_status":"closed","template":"","meta":{"footnotes":""},"class_list":["post-16678","page","type-page","status-publish","hentry"],"yoast_head":"<!-- This site is optimized with the Yoast SEO plugin v24.6 - https:\/\/yoast.com\/wordpress\/plugins\/seo\/ -->\n<title>Politika privatnosti - Casa Lilly<\/title>\n<meta name=\"robots\" content=\"index, follow, max-snippet:-1, max-image-preview:large, max-video-preview:-1\" \/>\n<link rel=\"canonical\" href=\"https:\/\/house-istria-labin.com\/de\/politika-privatnosti\/\" \/>\n<meta property=\"og:locale\" content=\"de_DE\" \/>\n<meta property=\"og:type\" content=\"article\" \/>\n<meta property=\"og:title\" content=\"Politika privatnosti - Casa Lilly\" \/>\n<meta property=\"og:description\" content=\"Kako bi internetska stranica radila ispravno te kako bi ju se moglo unaprje\u0111ivati u svrhu pobolj\u0161anja va\u0161eg iskustva pregledavanja, potrebno je minimalnu koli\u010dinu informacija (cookies) spremiti na va\u0161e ra\u010dunalo. Vi\u0161e od 90% internetskih stranica koristi praksu kola\u010di\u0107a te su po pravilima Europske unije obvezne zatra\u017eiti pristanak korisnika. Kori\u0161tenjem ove internetske stranice pristajete na uporabu kola\u010di\u0107a, [&hellip;]\" \/>\n<meta property=\"og:url\" content=\"https:\/\/house-istria-labin.com\/de\/politika-privatnosti\/\" \/>\n<meta property=\"og:site_name\" content=\"Casa Lilly\" \/>\n<meta property=\"article:modified_time\" content=\"2024-05-27T11:33:53+00:00\" \/>\n<meta name=\"twitter:card\" content=\"summary_large_image\" \/>\n<meta name=\"twitter:label1\" content=\"Gesch\u00e4tzte Lesezeit\" \/>\n\t<meta name=\"twitter:data1\" content=\"4\u00a0Minuten\" \/>\n<script type=\"application\/ld+json\" class=\"yoast-schema-graph\">{\"@context\":\"https:\/\/schema.org\",\"@graph\":[{\"@type\":\"WebPage\",\"@id\":\"https:\/\/house-istria-labin.com\/politika-privatnosti\/\",\"url\":\"https:\/\/house-istria-labin.com\/politika-privatnosti\/\",\"name\":\"Politika privatnosti - Casa Lilly\",\"isPartOf\":{\"@id\":\"https:\/\/house-istria-labin.com\/#website\"},\"datePublished\":\"2024-05-27T11:05:25+00:00\",\"dateModified\":\"2024-05-27T11:33:53+00:00\",\"breadcrumb\":{\"@id\":\"https:\/\/house-istria-labin.com\/politika-privatnosti\/#breadcrumb\"},\"inLanguage\":\"de\",\"potentialAction\":[{\"@type\":\"ReadAction\",\"target\":[\"https:\/\/house-istria-labin.com\/politika-privatnosti\/\"]}]},{\"@type\":\"BreadcrumbList\",\"@id\":\"https:\/\/house-istria-labin.com\/politika-privatnosti\/#breadcrumb\",\"itemListElement\":[{\"@type\":\"ListItem\",\"position\":1,\"name\":\"Po\u010detna stranica\",\"item\":\"https:\/\/house-istria-labin.com\/\"},{\"@type\":\"ListItem\",\"position\":2,\"name\":\"Politika privatnosti\"}]},{\"@type\":\"WebSite\",\"@id\":\"https:\/\/house-istria-labin.com\/#website\",\"url\":\"https:\/\/house-istria-labin.com\/\",\"name\":\"Casa Lilly\",\"description\":\"Ku\u0107a za odmor u Istri\",\"publisher\":{\"@id\":\"https:\/\/house-istria-labin.com\/#organization\"},\"potentialAction\":[{\"@type\":\"SearchAction\",\"target\":{\"@type\":\"EntryPoint\",\"urlTemplate\":\"https:\/\/house-istria-labin.com\/?s={search_term_string}\"},\"query-input\":{\"@type\":\"PropertyValueSpecification\",\"valueRequired\":true,\"valueName\":\"search_term_string\"}}],\"inLanguage\":\"de\"},{\"@type\":\"Organization\",\"@id\":\"https:\/\/house-istria-labin.com\/#organization\",\"name\":\"Casa Lilly\",\"url\":\"https:\/\/house-istria-labin.com\/\",\"logo\":{\"@type\":\"ImageObject\",\"inLanguage\":\"de\",\"@id\":\"https:\/\/house-istria-labin.com\/#\/schema\/logo\/image\/\",\"url\":\"https:\/\/house-istria-labin.com\/wp-content\/uploads\/2024\/05\/Frame-5.svg\",\"contentUrl\":\"https:\/\/house-istria-labin.com\/wp-content\/uploads\/2024\/05\/Frame-5.svg\",\"width\":308,\"height\":81,\"caption\":\"Casa Lilly\"},\"image\":{\"@id\":\"https:\/\/house-istria-labin.com\/#\/schema\/logo\/image\/\"}}]}<\/script>\n<!-- \/ Yoast SEO plugin. -->","yoast_head_json":{"title":"Politika privatnosti - Casa Lilly","robots":{"index":"index","follow":"follow","max-snippet":"max-snippet:-1","max-image-preview":"max-image-preview:large","max-video-preview":"max-video-preview:-1"},"canonical":"https:\/\/house-istria-labin.com\/de\/politika-privatnosti\/","og_locale":"de_DE","og_type":"article","og_title":"Politika privatnosti - Casa Lilly","og_description":"Kako bi internetska stranica radila ispravno te kako bi ju se moglo unaprje\u0111ivati u svrhu pobolj\u0161anja va\u0161eg iskustva pregledavanja, potrebno je minimalnu koli\u010dinu informacija (cookies) spremiti na va\u0161e ra\u010dunalo. Vi\u0161e od 90% internetskih stranica koristi praksu kola\u010di\u0107a te su po pravilima Europske unije obvezne zatra\u017eiti pristanak korisnika. Kori\u0161tenjem ove internetske stranice pristajete na uporabu kola\u010di\u0107a, [&hellip;]","og_url":"https:\/\/house-istria-labin.com\/de\/politika-privatnosti\/","og_site_name":"Casa Lilly","article_modified_time":"2024-05-27T11:33:53+00:00","twitter_card":"summary_large_image","twitter_misc":{"Gesch\u00e4tzte Lesezeit":"4\u00a0Minuten"},"schema":{"@context":"https:\/\/schema.org","@graph":[{"@type":"WebPage","@id":"https:\/\/house-istria-labin.com\/politika-privatnosti\/","url":"https:\/\/house-istria-labin.com\/politika-privatnosti\/","name":"Politika privatnosti - Casa Lilly","isPartOf":{"@id":"https:\/\/house-istria-labin.com\/#website"},"datePublished":"2024-05-27T11:05:25+00:00","dateModified":"2024-05-27T11:33:53+00:00","breadcrumb":{"@id":"https:\/\/house-istria-labin.com\/politika-privatnosti\/#breadcrumb"},"inLanguage":"de","potentialAction":[{"@type":"ReadAction","target":["https:\/\/house-istria-labin.com\/politika-privatnosti\/"]}]},{"@type":"BreadcrumbList","@id":"https:\/\/house-istria-labin.com\/politika-privatnosti\/#breadcrumb","itemListElement":[{"@type":"ListItem","position":1,"name":"Po\u010detna stranica","item":"https:\/\/house-istria-labin.com\/"},{"@type":"ListItem","position":2,"name":"Politika privatnosti"}]},{"@type":"WebSite","@id":"https:\/\/house-istria-labin.com\/#website","url":"https:\/\/house-istria-labin.com\/","name":"Casa Lilly","description":"Ku\u0107a za odmor u Istri","publisher":{"@id":"https:\/\/house-istria-labin.com\/#organization"},"potentialAction":[{"@type":"SearchAction","target":{"@type":"EntryPoint","urlTemplate":"https:\/\/house-istria-labin.com\/?s={search_term_string}"},"query-input":{"@type":"PropertyValueSpecification","valueRequired":true,"valueName":"search_term_string"}}],"inLanguage":"de"},{"@type":"Organization","@id":"https:\/\/house-istria-labin.com\/#organization","name":"Casa Lilly","url":"https:\/\/house-istria-labin.com\/","logo":{"@type":"ImageObject","inLanguage":"de","@id":"https:\/\/house-istria-labin.com\/#\/schema\/logo\/image\/","url":"https:\/\/house-istria-labin.com\/wp-content\/uploads\/2024\/05\/Frame-5.svg","contentUrl":"https:\/\/house-istria-labin.com\/wp-content\/uploads\/2024\/05\/Frame-5.svg","width":308,"height":81,"caption":"Casa Lilly"},"image":{"@id":"https:\/\/house-istria-labin.com\/#\/schema\/logo\/image\/"}}]}},"_links":{"self":[{"href":"https:\/\/house-istria-labin.com\/de\/wp-json\/wp\/v2\/pages\/16678","targetHints":{"allow":["GET"]}}],"collection":[{"href":"https:\/\/house-istria-labin.com\/de\/wp-json\/wp\/v2\/pages"}],"about":[{"href":"https:\/\/house-istria-labin.com\/de\/wp-json\/wp\/v2\/types\/page"}],"author":[{"embeddable":true,"href":"https:\/\/house-istria-labin.com\/de\/wp-json\/wp\/v2\/users\/1"}],"replies":[{"embeddable":true,"href":"https:\/\/house-istria-labin.com\/de\/wp-json\/wp\/v2\/comments?post=16678"}],"version-history":[{"count":13,"href":"https:\/\/house-istria-labin.com\/de\/wp-json\/wp\/v2\/pages\/16678\/revisions"}],"predecessor-version":[{"id":16704,"href":"https:\/\/house-istria-labin.com\/de\/wp-json\/wp\/v2\/pages\/16678\/revisions\/16704"}],"wp:attachment":[{"href":"https:\/\/house-istria-labin.com\/de\/wp-json\/wp\/v2\/media?parent=16678"}],"curies":[{"name":"wp","href":"https:\/\/api.w.org\/{rel}","templated":true}]}}